{"id":38,"date":"2022-06-07T07:01:22","date_gmt":"2022-06-07T07:01:22","guid":{"rendered":"https:\/\/demo.ovatheme.com\/retirio\/?page_id=38"},"modified":"2024-05-13T14:50:09","modified_gmt":"2024-05-13T18:50:09","slug":"apropos","status":"publish","type":"page","link":"https:\/\/hbvconstruction.ca\/?page_id=38","title":{"rendered":"\u00c0 propos"},"content":{"rendered":"<p><img decoding=\"async\" src=\"http:\/\/hbvconstruction.ca\/wp-content\/uploads\/2022\/06\/construction-13.png\" alt=\"\" title=\"\"><\/p>\n<h2>Architect<\/h2>\n<h3>L&#039;expertise qui fait la diff\u00e9rence<\/h3>\n<h2>\n\t\t\t\t\t\t\t\t\u00c0 propos de HBV Construction\t\t\t\t\t\t\t<\/h2>\n<p>Chez HBV Construction, notre \u00e9quipe de professionnels exp\u00e9riment\u00e9s est d\u00e9di\u00e9e \u00e0 fournir des services de construction commerciale de qualit\u00e9 sup\u00e9rieure pour r\u00e9pondre aux besoins de nos clients. Nous sommes fiers de notre engagement envers l&rsquo;excellence et de notre capacit\u00e9 \u00e0 fournir des projets de construction durables et esth\u00e9tiquement plaisants.<\/p>\n<link rel=\"stylesheet\" href=\"https:\/\/hbvconstruction.ca\/wp-content\/plugins\/elementor\/assets\/css\/widget-icon-list.min.css\">\n<ul>\n<li>\n\t\t\t\t\t\t\t\t\t\tExpertise approfondie en construction commerciale\n\t\t\t\t\t\t\t\t\t<\/li>\n<li>\n\t\t\t\t\t\t\t\t\t\tEngagement envers la qualit\u00e9 et l&rsquo;excellence\n\t\t\t\t\t\t\t\t\t<\/li>\n<li>\n\t\t\t\t\t\t\t\t\t\t\u00c9quipe de professionnels d\u00e9vou\u00e9s et exp\u00e9riment\u00e9s\n\t\t\t\t\t\t\t\t\t<\/li>\n<\/ul>\n<style>\/*! elementor - v3.13.3 - 28-05-2023 *\/\n.elementor-widget-image{text-align:center}.elementor-widget-image a{display:inline-block}.elementor-widget-image a img[src$=\".svg\"]{width:48px}.elementor-widget-image img{vertical-align:middle;display:inline-block}<\/style>\n<p>\t\t\t\t\t\t\t\t\t\t\t\t<img loading=\"lazy\" decoding=\"async\" width=\"800\" height=\"800\" src=\"http:\/\/hbvconstruction.ca\/wp-content\/uploads\/2023\/03\/stephan-crop-1024x1024.jpg\" alt=\"\" loading=\"lazy\" srcset=\"http:\/\/hbvconstruction.ca\/wp-content\/uploads\/2023\/03\/stephan-crop-1024x1024.jpg 1024w, http:\/\/hbvconstruction.ca\/wp-content\/uploads\/2023\/03\/stephan-crop-300x300.jpg 300w, http:\/\/hbvconstruction.ca\/wp-content\/uploads\/2023\/03\/stephan-crop-150x150.jpg 150w, http:\/\/hbvconstruction.ca\/wp-content\/uploads\/2023\/03\/stephan-crop-768x768.jpg 768w, http:\/\/hbvconstruction.ca\/wp-content\/uploads\/2023\/03\/stephan-crop-600x600.jpg 600w, http:\/\/hbvconstruction.ca\/wp-content\/uploads\/2023\/03\/stephan-crop-100x100.jpg 100w, http:\/\/hbvconstruction.ca\/wp-content\/uploads\/2023\/03\/stephan-crop.jpg 1200w\" sizes=\"auto, (max-width: 800px) 100vw, 800px\" title=\"\">\t\t\t\t\t\t\t\t\t\t\t\t\t\t\t<\/p>\n<style>\/*! elementor - v3.13.3 - 28-05-2023 *\/\n.elementor-heading-title{padding:0;margin:0;line-height:1}.elementor-widget-heading .elementor-heading-title[class*=elementor-size-]>a{color:inherit;font-size:inherit;line-height:inherit}.elementor-widget-heading .elementor-heading-title.elementor-size-small{font-size:15px}.elementor-widget-heading .elementor-heading-title.elementor-size-medium{font-size:19px}.elementor-widget-heading .elementor-heading-title.elementor-size-large{font-size:29px}.elementor-widget-heading .elementor-heading-title.elementor-size-xl{font-size:39px}.elementor-widget-heading .elementor-heading-title.elementor-size-xxl{font-size:59px}<\/style>\n<h3>St\u00e9phane Brunet<\/h3>\n<p>Directeur de chantier &#8211; groupe bv<\/p>\n<h2>D\u00e9couvrez comment nous pouvons aider votre entreprise \u00e0 atteindre ses objectifs de construction. <\/h2>\n<p>\t\t\t\t\t\t\tPour plus d&#039;informations  contactez le\t\t\t\t\t\t<\/p>\n<ul>\n<li>\n\t\t\t\t\t\t\t\t\t\t\t\t\t\t\t\t\t\t\t\t\t<a href=\"tel:+15147305451 \"><br \/>\n\t\t\t\t\t\t\t\t\t\t\t\t\t(514) 730-5451\t\t\t\t\t\t\t\t\t\t\t\t<\/a>\n\t\t\t\t\t\t\t\t\t\t\t\t\t\t\t\t\t\t\t<\/li>\n<\/ul>\n<p>\t\t\t<a href=\"https:\/\/demo.ovatheme.com\/retirio\/contact\" role=\"button\"><br \/>\n\t\t\t\t\t\tCONTACTEZ NOUS!<br \/>\n\t\t\t\t\t<\/a><\/p>\n<h3>Pour une gestion optimale<\/h3>\n<h2>\n\t\t\t\t\t\t\t\t Une synergie pour des solutions compl\u00e8tes en construction et en gestion immobili\u00e8re\t\t\t\t\t\t\t<\/h2>\n<p>Chez HBV Construction, nous travaillons en \u00e9troite collaboration avec Gestion G\u00b3 pour offrir \u00e0 nos clients des solutions compl\u00e8tes en construction et en gestion immobili\u00e8re. Nous croyons que notre synergie offre \u00e0 nos clients un avantage concurrentiel sur le march\u00e9, gr\u00e2ce \u00e0 notre expertise en construction commerciale et en gestion immobili\u00e8re. Nous nous engageons \u00e0 offrir des services de qualit\u00e9, d&rsquo;excellence et de service exceptionnel pour aider nos clients \u00e0 atteindre leurs objectifs immobiliers.<\/p>\n<ul>\n<li>\n\t\t\t\t\t\t\t\t\t\tExpertise approfondie en construction commerciale et en gestion immobili\u00e8re\n\t\t\t\t\t\t\t\t\t<\/li>\n<li>\n\t\t\t\t\t\t\t\t\t\tSolutions compl\u00e8tes en construction et en gestion immobili\u00e8re pour r\u00e9pondre \u00e0 tous les besoins des clients\n\t\t\t\t\t\t\t\t\t<\/li>\n<li>\n\t\t\t\t\t\t\t\t\t\tCollaboration pour offrir des solutions sur mesure en construction et en gestion immobili\u00e8re, adapt\u00e9es aux besoins uniques de chaque client.\n\t\t\t\t\t\t\t\t\t<\/li>\n<\/ul>\n<p>\t\t\t\t\t\t\t\t\t\t\t\t\t\t\t<img loading=\"lazy\" decoding=\"async\" width=\"800\" height=\"800\" src=\"http:\/\/hbvconstruction.ca\/wp-content\/uploads\/2023\/03\/venessa.jpg\" alt=\"\" loading=\"lazy\" srcset=\"http:\/\/hbvconstruction.ca\/wp-content\/uploads\/2023\/03\/venessa.jpg 1000w, http:\/\/hbvconstruction.ca\/wp-content\/uploads\/2023\/03\/venessa-300x300.jpg 300w, http:\/\/hbvconstruction.ca\/wp-content\/uploads\/2023\/03\/venessa-150x150.jpg 150w, http:\/\/hbvconstruction.ca\/wp-content\/uploads\/2023\/03\/venessa-768x768.jpg 768w, http:\/\/hbvconstruction.ca\/wp-content\/uploads\/2023\/03\/venessa-600x600.jpg 600w, http:\/\/hbvconstruction.ca\/wp-content\/uploads\/2023\/03\/venessa-100x100.jpg 100w\" sizes=\"auto, (max-width: 800px) 100vw, 800px\" title=\"\">\t\t\t\t\t\t\t\t\t\t\t\t\t\t\t<\/p>\n<h3>Venessa Monami<\/h3>\n<p>Adjointe aux op\u00e9rations &#8211; Gestion G3<\/p>\n<p>\t\t   \t\t<img decoding=\"async\" src=\"http:\/\/hbvconstruction.ca\/wp-content\/uploads\/2022\/06\/construction-15.png\" alt=\"\" title=\"\"><\/p>\n<h2>Architect<\/h2>\n<h3>Notre \u00e9quipe<\/h3>\n<h2>\n\t\t\t\t\t\t\t\tVOICI  NOTRE \u00c9QUIPE\t\t\t\t\t\t\t<\/h2>\n<p>\t\t\t\t\t\t<!-- Avata --><br \/>\n                            \t<img decoding=\"async\" src=\"http:\/\/hbvconstruction.ca\/wp-content\/uploads\/2022\/06\/SHT7280.png\" alt=\"Jean-Philippe Verville-C.\" title=\"\"><br \/>\n\t\t\t\t\t\t<!-- list Icon --><\/p>\n<ul>\n<li>\n\t\t\t\t\t\t\t\t\t\t\t\t\t<a href=\"https:\/\/ca.linkedin.com\/in\/jean-philippe-verville-c-99097476\" target=\"_blank\" rel=\"noopener\"><br \/>\n\t\t\t\t\t\t\t\t\t\t\t\t\t<\/a>\n\t\t\t\t\t\t\t\t\t\t\t\t<\/li>\n<li>\n\t\t\t\t\t\t\t\t\t\t\t\t\t<a href=\"https:\/\/www.facebook.com\/groupebvconstruction\" target=\"_blank\" rel=\"noopener\"><br \/>\n\t\t\t\t\t\t\t\t\t\t\t\t\t<\/a>\n\t\t\t\t\t\t\t\t\t\t\t\t<\/li>\n<\/ul>\n<p>\t\t\t\t\t<!-- Info --><\/p>\n<h2>\n\t\t\t\t\t\t\t\t\t\tJean-Philippe Verville-C.<br \/>\n\t\t\t\t\t\t\t\t\t\t\t\t\t\t\t\t\t<\/h2>\n<p>\n\t\t\t\t\t\t\t\t\tDirecteur des op\u00e9rations\t\t\t\t\t\t\t\t<\/p>\n<p>\t\t\t\t\t\t<!-- Avata --><br \/>\n                            \t<img decoding=\"async\" src=\"http:\/\/hbvconstruction.ca\/wp-content\/uploads\/2022\/06\/SHT7035-Edit.jpg\" alt=\"St\u00e9phane Brunet\" title=\"\"><br \/>\n\t\t\t\t\t\t<!-- list Icon --><\/p>\n<ul>\n<li>\n\t\t\t\t\t\t\t\t\t\t\t\t\t<a href=\"https:\/\/www.facebook.com\/groupebvconstruction\" target=\"_blank\" rel=\"noopener\"><br \/>\n\t\t\t\t\t\t\t\t\t\t\t\t\t<\/a>\n\t\t\t\t\t\t\t\t\t\t\t\t<\/li>\n<\/ul>\n<p>\t\t\t\t\t<!-- Info --><\/p>\n<h2>\n\t\t\t\t\t\t\t\t\t\tSt\u00e9phane Brunet<br \/>\n\t\t\t\t\t\t\t\t\t\t\t\t\t\t\t\t\t<\/h2>\n<p>\n\t\t\t\t\t\t\t\t\tDirecteur de chantier\t\t\t\t\t\t\t\t<\/p>\n<p>\t\t\t\t\t\t<!-- Avata --><br \/>\n                            \t<img decoding=\"async\" src=\"http:\/\/hbvconstruction.ca\/wp-content\/uploads\/2022\/06\/SHT7166-Edit.jpg\" alt=\"St\u00e9phanie Desjardins\" title=\"\"><br \/>\n\t\t\t\t\t\t<!-- list Icon --><\/p>\n<ul>\n<li>\n\t\t\t\t\t\t\t\t\t\t\t\t\t<a href=\"https:\/\/www.facebook.com\/groupebvconstruction\" target=\"_blank\" rel=\"noopener\"><br \/>\n\t\t\t\t\t\t\t\t\t\t\t\t\t<\/a>\n\t\t\t\t\t\t\t\t\t\t\t\t<\/li>\n<\/ul>\n<p>\t\t\t\t\t<!-- Info --><\/p>\n<h2>\n\t\t\t\t\t\t\t\t\t\tSt\u00e9phanie Desjardins<br \/>\n\t\t\t\t\t\t\t\t\t\t\t\t\t\t\t\t\t<\/h2>\n<p>\n\t\t\t\t\t\t\t\t\tAdjointe administrative\t\t\t\t\t\t\t\t<\/p>\n<p>\t\t\t\t\t\t<!-- Avata --><br \/>\n                            \t<img decoding=\"async\" src=\"http:\/\/hbvconstruction.ca\/wp-content\/uploads\/2022\/06\/SHT7107-Edit-copy.jpg\" alt=\"Dave Monette\" title=\"\"><br \/>\n\t\t\t\t\t\t<!-- list Icon --><\/p>\n<ul>\n<li>\n\t\t\t\t\t\t\t\t\t\t\t\t\t<a href=\"https:\/\/www.facebook.com\/groupebvconstruction\" target=\"_blank\" rel=\"noopener\"><br \/>\n\t\t\t\t\t\t\t\t\t\t\t\t\t<\/a>\n\t\t\t\t\t\t\t\t\t\t\t\t<\/li>\n<\/ul>\n<p>\t\t\t\t\t<!-- Info --><\/p>\n<h2>\n\t\t\t\t\t\t\t\t\t\tDave Monette<br \/>\n\t\t\t\t\t\t\t\t\t\t\t\t\t\t\t\t\t<\/h2>\n<p>\n\t\t\t\t\t\t\t\t\tCharg\u00e9 de projet\t\t\t\t\t\t\t\t<\/p>\n<p>\t\t\t\t\t\t<!-- Avata --><br \/>\n                            \t<img decoding=\"async\" src=\"http:\/\/hbvconstruction.ca\/wp-content\/uploads\/2022\/06\/SHT7138-Edit.jpg\" alt=\"Carl Marchessault\" title=\"\"><br \/>\n\t\t\t\t\t\t<!-- list Icon --><\/p>\n<ul>\n<li>\n\t\t\t\t\t\t\t\t\t\t\t\t\t<a href=\"https:\/\/www.facebook.com\/groupebvconstruction\" target=\"_blank\" rel=\"noopener\"><br \/>\n\t\t\t\t\t\t\t\t\t\t\t\t\t<\/a>\n\t\t\t\t\t\t\t\t\t\t\t\t<\/li>\n<\/ul>\n<p>\t\t\t\t\t<!-- Info --><\/p>\n<h2>\n\t\t\t\t\t\t\t\t\t\tCarl Marchessault<br \/>\n\t\t\t\t\t\t\t\t\t\t\t\t\t\t\t\t\t<\/h2>\n<p>\n\t\t\t\t\t\t\t\t\tCharg\u00e9 de projet\t\t\t\t\t\t\t\t<\/p>\n<p>\t\t\t\t\t\t<!-- Avata --><br \/>\n                            \t<img decoding=\"async\" src=\"http:\/\/hbvconstruction.ca\/wp-content\/uploads\/2022\/06\/SHT7156-Edit.jpg\" alt=\"Maxime Robert\" title=\"\"><br \/>\n\t\t\t\t\t\t<!-- list Icon --><\/p>\n<ul>\n<li>\n\t\t\t\t\t\t\t\t\t\t\t\t\t<a href=\"https:\/\/www.facebook.com\/groupebvconstruction\" target=\"_blank\" rel=\"noopener\"><br \/>\n\t\t\t\t\t\t\t\t\t\t\t\t\t<\/a>\n\t\t\t\t\t\t\t\t\t\t\t\t<\/li>\n<\/ul>\n<p>\t\t\t\t\t<!-- Info --><\/p>\n<h2>\n\t\t\t\t\t\t\t\t\t\tMaxime Robert<br \/>\n\t\t\t\t\t\t\t\t\t\t\t\t\t\t\t\t\t<\/h2>\n<p>\n\t\t\t\t\t\t\t\t\tCharg\u00e9 de projet\t\t\t\t\t\t\t\t<\/p>\n<p>\t\t\t\t\t\t<!-- Avata --><br \/>\n                            \t<img decoding=\"async\" src=\"http:\/\/hbvconstruction.ca\/wp-content\/uploads\/2023\/06\/SHT7211-Edit.jpg\" alt=\"venessa monami\" title=\"\"><br \/>\n\t\t\t\t\t\t<!-- list Icon --><\/p>\n<ul>\n<li>\n\t\t\t\t\t\t\t\t\t\t\t\t\t<a href=\"https:\/\/www.facebook.com\/groupebvconstruction\" target=\"_blank\" rel=\"noopener\"><br \/>\n\t\t\t\t\t\t\t\t\t\t\t\t\t<\/a>\n\t\t\t\t\t\t\t\t\t\t\t\t<\/li>\n<\/ul>\n<p>\t\t\t\t\t<!-- Info --><\/p>\n<h2>\n\t\t\t\t\t\t\t\t\t\tvenessa monami<br \/>\n\t\t\t\t\t\t\t\t\t\t\t\t\t\t\t\t\t<\/h2>\n<p>\n\t\t\t\t\t\t\t\t\tAdjointe administrative\t\t\t\t\t\t\t\t<\/p>\n<p>\t\t\t\t\t\t<!-- Avata --><br \/>\n                            \t<img decoding=\"async\" src=\"http:\/\/hbvconstruction.ca\/wp-content\/uploads\/2023\/06\/SHT7220-Edit.jpg\" alt=\"M\u00e9gan Beriault\" title=\"\"><br \/>\n\t\t\t\t\t\t<!-- list Icon --><\/p>\n<ul>\n<li>\n\t\t\t\t\t\t\t\t\t\t\t\t\t<a href=\"https:\/\/www.facebook.com\/groupebvconstruction\" target=\"_blank\" rel=\"noopener\"><br \/>\n\t\t\t\t\t\t\t\t\t\t\t\t\t<\/a>\n\t\t\t\t\t\t\t\t\t\t\t\t<\/li>\n<\/ul>\n<p>\t\t\t\t\t<!-- Info --><\/p>\n<h2>\n\t\t\t\t\t\t\t\t\t\tM\u00e9gan Beriault<br \/>\n\t\t\t\t\t\t\t\t\t\t\t\t\t\t\t\t\t<\/h2>\n<p>\n\t\t\t\t\t\t\t\t\tAdjointe administrative\t\t\t\t\t\t\t\t<\/p>\n<p>\t\t\t\t\t\t\t\t\t\t\t\t\t\t\t\t<a href=\"https:\/\/www.gestiong3.ca\" target=\"_blank\" rel=\"noopener\"><br \/>\n\t\t\t\t\t\t\t<img loading=\"lazy\" decoding=\"async\" width=\"296\" height=\"296\" src=\"http:\/\/hbvconstruction.ca\/wp-content\/uploads\/2023\/03\/logoArtboard-1-8.png\" alt=\"\" loading=\"lazy\" srcset=\"http:\/\/hbvconstruction.ca\/wp-content\/uploads\/2023\/03\/logoArtboard-1-8.png 296w, http:\/\/hbvconstruction.ca\/wp-content\/uploads\/2023\/03\/logoArtboard-1-8-150x150.png 150w, http:\/\/hbvconstruction.ca\/wp-content\/uploads\/2023\/03\/logoArtboard-1-8-100x100.png 100w\" sizes=\"auto, (max-width: 296px) 100vw, 296px\" title=\"\">\t\t\t\t\t\t\t\t<\/a><br \/>\n\t\t\t\t\t\t\t\t\t\t\t\t\t\t\t<img loading=\"lazy\" decoding=\"async\" width=\"289\" height=\"296\" src=\"http:\/\/hbvconstruction.ca\/wp-content\/uploads\/2023\/03\/logoArtboard-1-6.png\" alt=\"\" loading=\"lazy\" title=\"\"><br \/>\n\t\t\t\t\t\t\t\t\t\t\t\t\t\t\t\t<a href=\"https:\/\/www.habitationsbv.ca\" target=\"_blank\" rel=\"noopener\"><br \/>\n\t\t\t\t\t\t\t<img loading=\"lazy\" decoding=\"async\" width=\"289\" height=\"296\" src=\"http:\/\/hbvconstruction.ca\/wp-content\/uploads\/2023\/03\/logoArtboard-1-3.png\" alt=\"\" loading=\"lazy\" title=\"\">\t\t\t\t\t\t\t\t<\/a><br \/>\n\t\t\t\t\t\t\t\t\t\t\t\t\t\t\t\t<a href=\"https:\/\/www.groupebv.ca\" target=\"_blank\" rel=\"noopener\"><br \/>\n\t\t\t\t\t\t\t<img loading=\"lazy\" decoding=\"async\" width=\"300\" height=\"300\" src=\"http:\/\/hbvconstruction.ca\/wp-content\/uploads\/2023\/05\/logos-Groupe-BV-300x300-blanc.png\" alt=\"\" loading=\"lazy\" srcset=\"http:\/\/hbvconstruction.ca\/wp-content\/uploads\/2023\/05\/logos-Groupe-BV-300x300-blanc.png 300w, http:\/\/hbvconstruction.ca\/wp-content\/uploads\/2023\/05\/logos-Groupe-BV-300x300-blanc-150x150.png 150w, http:\/\/hbvconstruction.ca\/wp-content\/uploads\/2023\/05\/logos-Groupe-BV-300x300-blanc-100x100.png 100w\" sizes=\"auto, (max-width: 300px) 100vw, 300px\" title=\"\">\t\t\t\t\t\t\t\t<\/a><\/p>\n","protected":false},"excerpt":{"rendered":"<p>Architect L&#039;expertise qui fait la diff\u00e9rence \u00c0 propos de HBV Construction Chez HBV Construction, notre \u00e9quipe de professionnels exp\u00e9riment\u00e9s est d\u00e9di\u00e9e \u00e0 fournir des services de construction commerciale de qualit\u00e9 sup\u00e9rieure pour r\u00e9pondre aux besoins de nos clients. Nous sommes fiers de notre engagement envers l&rsquo;excellence et de notre capacit\u00e9 \u00e0 fournir des projets de [&hellip;]<\/p>\n","protected":false},"author":1,"featured_media":0,"parent":0,"menu_order":0,"comment_status":"closed","ping_status":"closed","template":"elementor_header_footer","meta":{"footnotes":""},"class_list":["post-38","page","type-page","status-publish","hentry"],"_links":{"self":[{"href":"https:\/\/hbvconstruction.ca\/index.php?rest_route=\/wp\/v2\/pages\/38","targetHints":{"allow":["GET"]}}],"collection":[{"href":"https:\/\/hbvconstruction.ca\/index.php?rest_route=\/wp\/v2\/pages"}],"about":[{"href":"https:\/\/hbvconstruction.ca\/index.php?rest_route=\/wp\/v2\/types\/page"}],"author":[{"embeddable":true,"href":"https:\/\/hbvconstruction.ca\/index.php?rest_route=\/wp\/v2\/users\/1"}],"replies":[{"embeddable":true,"href":"https:\/\/hbvconstruction.ca\/index.php?rest_route=%2Fwp%2Fv2%2Fcomments&post=38"}],"version-history":[{"count":65,"href":"https:\/\/hbvconstruction.ca\/index.php?rest_route=\/wp\/v2\/pages\/38\/revisions"}],"predecessor-version":[{"id":5026,"href":"https:\/\/hbvconstruction.ca\/index.php?rest_route=\/wp\/v2\/pages\/38\/revisions\/5026"}],"wp:attachment":[{"href":"https:\/\/hbvconstruction.ca\/index.php?rest_route=%2Fwp%2Fv2%2Fmedia&parent=38"}],"curies":[{"name":"wp","href":"https:\/\/api.w.org\/{rel}","templated":true}]}}